	



	{"id":18,"date":"2022-11-15T08:43:50","date_gmt":"2022-11-15T07:43:50","guid":{"rendered":"https:\/\/kitbase.webs.fococonsultores.es\/?page_id=18"},"modified":"2023-06-15T16:00:01","modified_gmt":"2023-06-15T15:00:01","slug":"nosotros","status":"publish","type":"page","link":"https:\/\/globaliaconsultoria.es\/index.php\/nosotros\/","title":{"rendered":"Nosotros"},"content":{"rendered":"\n<div style=\"height:4vh\" aria-hidden=\"true\" class=\"wp-block-spacer\"><\/div>\n\n\n<div class=\"yoast-breadcrumbs\"><span><span><a href=\"https:\/\/globaliaconsultoria.es\/\">Portada<\/a> \u00bb <span class=\"breadcrumb_last\" aria-current=\"page\">Nosotros<\/span><\/span><\/span><\/div>\n\n\n<div class=\"wp-block-cover alignfull is-light\"><span aria-hidden=\"true\" class=\"wp-block-cover__background has-white-background-color has-background-dim-100 has-background-dim\"><\/span><div class=\"wp-block-cover__inner-container\">\n<div class=\"is-layout-constrained wp-block-group\"><div class=\"wp-block-group__inner-container\">\n<div class=\"is-layout-flex wp-container-4 wp-block-columns\">\n<div class=\"is-layout-flow wp-block-column is-vertically-aligned-top\" style=\"flex-basis:50%\"><div class=\"wp-block-image\">\n<figure class=\"alignleft size-large\"><img decoding=\"async\" src=\"https:\/\/globaliaconsultoria.es\/wp-content\/uploads\/sites\/17\/2023\/06\/nosotros-globalia.jpg\" alt=\"nosotros globalia consultor\u00eda. Protecci\u00f3n de datos RGPD\" \/><\/figure><\/div><\/div>\n\n\n\n<div class=\"is-layout-flow wp-block-column is-vertically-aligned-center\">\n<h1 class=\"has-large-font-size\">Nuestra empresa<\/h1>\n\n\n\n<h2><strong>Globalia<\/strong><\/h2>\n\n\n\n<p><strong>Globalia Consultor\u00eda<\/strong> es una empresa que ofrece un servicio integral a empresas, principalmente en materia de <strong>protecci\u00f3n de datos<\/strong> poniendo a su disposici\u00f3n las herramientas necesarias para la correcta adaptaci\u00f3n e implantaci\u00f3n a la normativa vigente, con software propio para mayor facilidad a nuestros clientes.<\/p>\n\n\n\n<p>Compuesto por un equipo de profesionales con experiencia en dicha materia. Nuestra formaci\u00f3n, experiencia y solvencia profesional, as\u00ed como la confianza que nos han depositado nuestros clientes, nos convierte en un referente importante en servicios de Protecci\u00f3n de Datos.<\/p>\n\n\n\n<p>Somos una organizaci\u00f3n dedicada a los servicios de Consultor\u00eda, Auditor\u00eda en el \u00e1mbito de <strong>Protecci\u00f3n de Datos<\/strong>, con centros operativos en diferentes localidades de Castilla Le\u00f3n, Comunidad de Madrid, Levante y Andaluc\u00eda, lo que nos permite poder dirigirnos y acceder a un mercado potencial en el resto del territorio.<\/p>\n<\/div>\n\n\n\n<div class=\"is-layout-flow wp-block-column\" style=\"flex-basis:2%\"><\/div>\n<\/div>\n<\/div><\/div>\n<\/div><\/div>\n","protected":false},"excerpt":{"rendered":"","protected":false},"author":2,"featured_media":0,"parent":0,"menu_order":0,"comment_status":"closed","ping_status":"closed","template":"","meta":{"_mi_skip_tracking":false},"yoast_head":"<!-- This site is optimized with the Yoast SEO plugin v19.10 - https:\/\/yoast.com\/wordpress\/plugins\/seo\/ -->\n<title>Nosotros - globalia consultor\u00eda<\/title>\n<meta name=\"description\" content=\"Globalia, consultor\u00eda especializada en protecci\u00f3n de datos y un equipo de profesionales cualificados. Ofrece servicio integral a empresas\" \/>\n<meta name=\"robots\" content=\"index, follow, max-snippet:-1, max-image-preview:large, max-video-preview:-1\" \/>\n<link rel=\"canonical\" href=\"https:\/\/globaliaconsultoria.es\/index.php\/nosotros\/\" \/>\n<meta property=\"og:locale\" content=\"es_ES\" \/>\n<meta property=\"og:type\" content=\"article\" \/>\n<meta property=\"og:title\" content=\"Nosotros - globalia consultor\u00eda\" \/>\n<meta property=\"og:description\" content=\"Globalia, consultor\u00eda especializada en protecci\u00f3n de datos y un equipo de profesionales cualificados. Ofrece servicio integral a empresas\" \/>\n<meta property=\"og:url\" content=\"https:\/\/globaliaconsultoria.es\/index.php\/nosotros\/\" \/>\n<meta property=\"og:site_name\" content=\"globalia consultor\u00eda\" \/>\n<meta property=\"article:modified_time\" content=\"2023-06-15T15:00:01+00:00\" \/>\n<meta property=\"og:image\" content=\"https:\/\/globaliaconsultoria.es\/wp-content\/uploads\/sites\/17\/2023\/06\/nosotros-globalia.jpg\" \/>\n<meta name=\"twitter:card\" content=\"summary_large_image\" \/>\n<meta name=\"twitter:label1\" content=\"Tiempo de lectura\" \/>\n\t<meta name=\"twitter:data1\" content=\"1 minuto\" \/>\n<script type=\"application\/ld+json\" class=\"yoast-schema-graph\">{\"@context\":\"https:\/\/schema.org\",\"@graph\":[{\"@type\":\"WebPage\",\"@id\":\"https:\/\/globaliaconsultoria.es\/index.php\/nosotros\/\",\"url\":\"https:\/\/globaliaconsultoria.es\/index.php\/nosotros\/\",\"name\":\"Nosotros - globalia consultor\u00eda\",\"isPartOf\":{\"@id\":\"https:\/\/globaliaconsultoria.es\/#website\"},\"datePublished\":\"2022-11-15T07:43:50+00:00\",\"dateModified\":\"2023-06-15T15:00:01+00:00\",\"description\":\"Globalia, consultor\u00eda especializada en protecci\u00f3n de datos y un equipo de profesionales cualificados. Ofrece servicio integral a empresas\",\"breadcrumb\":{\"@id\":\"https:\/\/globaliaconsultoria.es\/index.php\/nosotros\/#breadcrumb\"},\"inLanguage\":\"es\",\"potentialAction\":[{\"@type\":\"ReadAction\",\"target\":[\"https:\/\/globaliaconsultoria.es\/index.php\/nosotros\/\"]}]},{\"@type\":\"BreadcrumbList\",\"@id\":\"https:\/\/globaliaconsultoria.es\/index.php\/nosotros\/#breadcrumb\",\"itemListElement\":[{\"@type\":\"ListItem\",\"position\":1,\"name\":\"Portada\",\"item\":\"https:\/\/globaliaconsultoria.es\/\"},{\"@type\":\"ListItem\",\"position\":2,\"name\":\"Nosotros\"}]},{\"@type\":\"WebSite\",\"@id\":\"https:\/\/globaliaconsultoria.es\/#website\",\"url\":\"https:\/\/globaliaconsultoria.es\/\",\"name\":\"globalia consultor\u00eda\",\"description\":\"Protecci\u00f3n de datos\",\"publisher\":{\"@id\":\"https:\/\/globaliaconsultoria.es\/#organization\"},\"potentialAction\":[{\"@type\":\"SearchAction\",\"target\":{\"@type\":\"EntryPoint\",\"urlTemplate\":\"https:\/\/globaliaconsultoria.es\/?s={search_term_string}\"},\"query-input\":\"required name=search_term_string\"}],\"inLanguage\":\"es\"},{\"@type\":\"Organization\",\"@id\":\"https:\/\/globaliaconsultoria.es\/#organization\",\"name\":\"globalia consultor\u00eda\",\"url\":\"https:\/\/globaliaconsultoria.es\/\",\"logo\":{\"@type\":\"ImageObject\",\"inLanguage\":\"es\",\"@id\":\"https:\/\/globaliaconsultoria.es\/#\/schema\/logo\/image\/\",\"url\":\"https:\/\/globaliaconsultoria.es\/wp-content\/uploads\/sites\/17\/2023\/06\/logo_globalia.png\",\"contentUrl\":\"https:\/\/globaliaconsultoria.es\/wp-content\/uploads\/sites\/17\/2023\/06\/logo_globalia.png\",\"width\":750,\"height\":240,\"caption\":\"globalia consultor\u00eda\"},\"image\":{\"@id\":\"https:\/\/globaliaconsultoria.es\/#\/schema\/logo\/image\/\"}}]}<\/script>\n<!-- \/ Yoast SEO plugin. -->","yoast_head_json":{"title":"Nosotros - globalia consultor\u00eda","description":"Globalia, consultor\u00eda especializada en protecci\u00f3n de datos y un equipo de profesionales cualificados. Ofrece servicio integral a empresas","robots":{"index":"index","follow":"follow","max-snippet":"max-snippet:-1","max-image-preview":"max-image-preview:large","max-video-preview":"max-video-preview:-1"},"canonical":"https:\/\/globaliaconsultoria.es\/index.php\/nosotros\/","og_locale":"es_ES","og_type":"article","og_title":"Nosotros - globalia consultor\u00eda","og_description":"Globalia, consultor\u00eda especializada en protecci\u00f3n de datos y un equipo de profesionales cualificados. Ofrece servicio integral a empresas","og_url":"https:\/\/globaliaconsultoria.es\/index.php\/nosotros\/","og_site_name":"globalia consultor\u00eda","article_modified_time":"2023-06-15T15:00:01+00:00","og_image":[{"url":"https:\/\/globaliaconsultoria.es\/wp-content\/uploads\/sites\/17\/2023\/06\/nosotros-globalia.jpg"}],"twitter_card":"summary_large_image","twitter_misc":{"Tiempo de lectura":"1 minuto"},"schema":{"@context":"https:\/\/schema.org","@graph":[{"@type":"WebPage","@id":"https:\/\/globaliaconsultoria.es\/index.php\/nosotros\/","url":"https:\/\/globaliaconsultoria.es\/index.php\/nosotros\/","name":"Nosotros - globalia consultor\u00eda","isPartOf":{"@id":"https:\/\/globaliaconsultoria.es\/#website"},"datePublished":"2022-11-15T07:43:50+00:00","dateModified":"2023-06-15T15:00:01+00:00","description":"Globalia, consultor\u00eda especializada en protecci\u00f3n de datos y un equipo de profesionales cualificados. Ofrece servicio integral a empresas","breadcrumb":{"@id":"https:\/\/globaliaconsultoria.es\/index.php\/nosotros\/#breadcrumb"},"inLanguage":"es","potentialAction":[{"@type":"ReadAction","target":["https:\/\/globaliaconsultoria.es\/index.php\/nosotros\/"]}]},{"@type":"BreadcrumbList","@id":"https:\/\/globaliaconsultoria.es\/index.php\/nosotros\/#breadcrumb","itemListElement":[{"@type":"ListItem","position":1,"name":"Portada","item":"https:\/\/globaliaconsultoria.es\/"},{"@type":"ListItem","position":2,"name":"Nosotros"}]},{"@type":"WebSite","@id":"https:\/\/globaliaconsultoria.es\/#website","url":"https:\/\/globaliaconsultoria.es\/","name":"globalia consultor\u00eda","description":"Protecci\u00f3n de datos","publisher":{"@id":"https:\/\/globaliaconsultoria.es\/#organization"},"potentialAction":[{"@type":"SearchAction","target":{"@type":"EntryPoint","urlTemplate":"https:\/\/globaliaconsultoria.es\/?s={search_term_string}"},"query-input":"required name=search_term_string"}],"inLanguage":"es"},{"@type":"Organization","@id":"https:\/\/globaliaconsultoria.es\/#organization","name":"globalia consultor\u00eda","url":"https:\/\/globaliaconsultoria.es\/","logo":{"@type":"ImageObject","inLanguage":"es","@id":"https:\/\/globaliaconsultoria.es\/#\/schema\/logo\/image\/","url":"https:\/\/globaliaconsultoria.es\/wp-content\/uploads\/sites\/17\/2023\/06\/logo_globalia.png","contentUrl":"https:\/\/globaliaconsultoria.es\/wp-content\/uploads\/sites\/17\/2023\/06\/logo_globalia.png","width":750,"height":240,"caption":"globalia consultor\u00eda"},"image":{"@id":"https:\/\/globaliaconsultoria.es\/#\/schema\/logo\/image\/"}}]}},"_links":{"self":[{"href":"https:\/\/globaliaconsultoria.es\/index.php\/wp-json\/wp\/v2\/pages\/18"}],"collection":[{"href":"https:\/\/globaliaconsultoria.es\/index.php\/wp-json\/wp\/v2\/pages"}],"about":[{"href":"https:\/\/globaliaconsultoria.es\/index.php\/wp-json\/wp\/v2\/types\/page"}],"author":[{"embeddable":true,"href":"https:\/\/globaliaconsultoria.es\/index.php\/wp-json\/wp\/v2\/users\/2"}],"replies":[{"embeddable":true,"href":"https:\/\/globaliaconsultoria.es\/index.php\/wp-json\/wp\/v2\/comments?post=18"}],"version-history":[{"count":23,"href":"https:\/\/globaliaconsultoria.es\/index.php\/wp-json\/wp\/v2\/pages\/18\/revisions"}],"predecessor-version":[{"id":756,"href":"https:\/\/globaliaconsultoria.es\/index.php\/wp-json\/wp\/v2\/pages\/18\/revisions\/756"}],"wp:attachment":[{"href":"https:\/\/globaliaconsultoria.es\/index.php\/wp-json\/wp\/v2\/media?parent=18"}],"curies":[{"name":"wp","href":"https:\/\/api.w.org\/{rel}","templated":true}]}}