	



	{"id":20,"date":"2022-11-15T08:44:16","date_gmt":"2022-11-15T07:44:16","guid":{"rendered":"https:\/\/kitbase.webs.fococonsultores.es\/?page_id=20"},"modified":"2023-06-15T15:55:16","modified_gmt":"2023-06-15T14:55:16","slug":"servicios","status":"publish","type":"page","link":"https:\/\/globaliaconsultoria.es\/index.php\/servicios\/","title":{"rendered":"Servicios"},"content":{"rendered":"\n<div style=\"height:4vh\" aria-hidden=\"true\" class=\"wp-block-spacer\"><\/div>\n\n\n<div class=\"yoast-breadcrumbs\"><span><span><a href=\"https:\/\/globaliaconsultoria.es\/\">Portada<\/a> \u00bb <span class=\"breadcrumb_last\" aria-current=\"page\">Servicios<\/span><\/span><\/span><\/div>\n\n\n<h1 class=\"has-large-font-size\">Servicios<\/h1>\n\n\n\n<div class=\"wp-block-cover alignfull\"><span aria-hidden=\"true\" class=\"wp-block-cover__background has-background-dim-100 has-background-dim\" style=\"background-color:#1a1a1a\"><\/span><div class=\"wp-block-cover__inner-container\">\n<div class=\"wp-block-media-text alignwide is-stacked-on-mobile\" style=\"grid-template-columns:30% auto\"><figure class=\"wp-block-media-text__media\"><img decoding=\"async\" loading=\"lazy\" width=\"1024\" height=\"683\" src=\"https:\/\/globaliaconsultoria.es\/wp-content\/uploads\/sites\/17\/2023\/06\/servici-1024x683.jpg\" alt=\"Adaptaci\u00f3n a RGPD y LOPDGDD y protecci\u00f3n de datos\" class=\"wp-image-706 size-full\" srcset=\"https:\/\/globaliaconsultoria.es\/wp-content\/uploads\/sites\/17\/2023\/06\/servici-1024x683.jpg 1024w, https:\/\/globaliaconsultoria.es\/wp-content\/uploads\/sites\/17\/2023\/06\/servici-300x200.jpg 300w, https:\/\/globaliaconsultoria.es\/wp-content\/uploads\/sites\/17\/2023\/06\/servici-768x512.jpg 768w, https:\/\/globaliaconsultoria.es\/wp-content\/uploads\/sites\/17\/2023\/06\/servici.jpg 1500w\" sizes=\"(max-width: 1024px) 100vw, 1024px\" \/><\/figure><div class=\"wp-block-media-text__content\">\n<h2 class=\"has-white-color has-text-color\"><strong>Adaptaci\u00f3n a RGPD y LOPDGDD<\/strong><\/h2>\n\n\n\n<p>Adaptaci\u00f3n al Reglamento (UE) 2016\/679 de 27 de abril de 2016 (GDPR), y a Ley Org\u00e1nica 3\/2018, de 5 de diciembre, de Protecci\u00f3n de Datos Personales y garant\u00eda de los derechos digitales.<br>Visita presencial para toma de datos y entrega de la documentaci\u00f3n en soporte papel y digital.<\/p>\n\n\n\n<h3 class=\"has-medium-font-size\">DPO<\/h3>\n\n\n\n<p>El Reglamento Europeo introduce la figura del Delegado de Protecci\u00f3n de Datos o Data Protection Officer (DPO) para el cumplimiento proactivo y efectivo de los tratamientos de datos personales. El DPO y sus datos de contacto deber\u00e1n comunicarse a la autoridad de control.<\/p>\n\n\n\n<h3 class=\"has-medium-font-size\">Adecuaci\u00f3n a la LSSICE<\/h3>\n\n\n\n<p>La LSSICE (34\/2002), Ley de Servicios de la sociedad de la informaci\u00f3n y de comercio electr\u00f3nico, afecta a todos los titulares de sitios web y regula todos los servicios y comunicaciones en internet.<\/p>\n\n\n\n<p>Toda empresa, profesional y organizaci\u00f3n que gestione datos personales deber\u00e1n adaptarse a los principios y obligaciones contenidas en esta normativa con el fin de garantizar los derechos de los interesados.<\/p>\n<\/div><\/div>\n<\/div><\/div>\n\n\n\n<div class=\"wp-block-cover alignfull is-light\"><span aria-hidden=\"true\" class=\"wp-block-cover__background has-white-background-color has-background-dim-100 has-background-dim\"><\/span><div class=\"wp-block-cover__inner-container\">\n<div class=\"wp-block-media-text alignwide has-media-on-the-right is-stacked-on-mobile\" style=\"grid-template-columns:auto 30%\"><div class=\"wp-block-media-text__content\">\n<h2 class=\"has-black-color has-text-color\"><strong>Protecci\u00f3n de Datos<\/strong><\/h2>\n\n\n\n<h3 class=\"has-medium-font-size\">Normativa Y Circulares<\/h3>\n\n\n\n<p>Normativa aplicable en materia de protecci\u00f3n de datos de car\u00e1cter personal tanto en la legislaci\u00f3n espec\u00edfica como en la sectorial<\/p>\n\n\n\n<p>REGLAMENTO (UE) 2016\/679 DEL PARLAMENTO EUROPEO Y DEL CONSEJO de 27 de abril de 2016 relativo a la protecci\u00f3n de las personas f\u00edsicas en lo que respecta al tratamiento de datos personales y a la libre circulaci\u00f3n de estos datos y por el que se deroga la Directiva 95\/46\/CE (Reglamento general de protecci\u00f3n de datos).<\/p>\n\n\n\n<p>Correcci\u00f3n de errores del Reglamento (UE) 2016\/679 del Parlamento Europeo y del Consejo, de 27 de abril de 2016, relativo a la protecci\u00f3n de las personas f\u00edsicas en lo que respecta al tratamiento de datos personales y a la libre circulaci\u00f3n de estos datos y por el que se deroga la Directiva 95\/46\/CE (Reglamento general de protecci\u00f3n de datos)<\/p>\n\n\n\n<p>Ley Org\u00e1nica 3\/2018, de 5 de diciembre, de Protecci\u00f3n de Datos Personales y garant\u00eda de los derechos digitales es la nueva normativa que adapta la legislaci\u00f3n espa\u00f1ola al Reglamento Europeo de protecci\u00f3n de datos y deroga la anterior Ley Org\u00e1nica 15\/1999.<\/p>\n\n\n\n<h3 class=\"has-medium-font-size\">Sociedad de la informaci\u00f3n y telecomunicaciones<\/h3>\n\n\n\n<ul>\n<li>Ley 34\/2002, de 11 de julio, de servicios de la sociedad de la informaci\u00f3n y de comercio electr\u00f3nico.<\/li>\n\n\n\n<li>Ley 9\/2014, de 9 de mayo, General de Telecomunicaciones.<\/li>\n<\/ul>\n<\/div><figure class=\"wp-block-media-text__media\"><img decoding=\"async\" loading=\"lazy\" width=\"1024\" height=\"683\" src=\"https:\/\/globaliaconsultoria.es\/wp-content\/uploads\/sites\/17\/2023\/06\/nik-macmillan-280300-unsplash-1024x683.jpg\" alt=\"Protecci\u00f3n de datos Adaptaci\u00f3n a RGPD y LOPDGDD\" class=\"wp-image-676 size-full\" srcset=\"https:\/\/globaliaconsultoria.es\/wp-content\/uploads\/sites\/17\/2023\/06\/nik-macmillan-280300-unsplash-1024x683.jpg 1024w, https:\/\/globaliaconsultoria.es\/wp-content\/uploads\/sites\/17\/2023\/06\/nik-macmillan-280300-unsplash-300x200.jpg 300w, https:\/\/globaliaconsultoria.es\/wp-content\/uploads\/sites\/17\/2023\/06\/nik-macmillan-280300-unsplash-768x512.jpg 768w, https:\/\/globaliaconsultoria.es\/wp-content\/uploads\/sites\/17\/2023\/06\/nik-macmillan-280300-unsplash-1536x1024.jpg 1536w, https:\/\/globaliaconsultoria.es\/wp-content\/uploads\/sites\/17\/2023\/06\/nik-macmillan-280300-unsplash-2048x1365.jpg 2048w\" sizes=\"(max-width: 1024px) 100vw, 1024px\" \/><\/figure><\/div>\n<\/div><\/div>\n","protected":false},"excerpt":{"rendered":"<p>Servicios<\/p>\n","protected":false},"author":2,"featured_media":0,"parent":0,"menu_order":0,"comment_status":"closed","ping_status":"closed","template":"","meta":{"_mi_skip_tracking":false},"yoast_head":"<!-- This site is optimized with the Yoast SEO plugin v19.10 - https:\/\/yoast.com\/wordpress\/plugins\/seo\/ -->\n<title>Servicios - globalia consultor\u00eda<\/title>\n<meta name=\"description\" content=\"Globalia ofrece servicios de adaptaci\u00f3n a la normativa de protecci\u00f3n de datos. Tambi\u00e9n se adec\u00faa a la RGPD y LSSICE.\" \/>\n<meta name=\"robots\" content=\"index, follow, max-snippet:-1, max-image-preview:large, max-video-preview:-1\" \/>\n<link rel=\"canonical\" href=\"https:\/\/globaliaconsultoria.es\/index.php\/servicios\/\" \/>\n<meta property=\"og:locale\" content=\"es_ES\" \/>\n<meta property=\"og:type\" content=\"article\" \/>\n<meta property=\"og:title\" content=\"Servicios - globalia consultor\u00eda\" \/>\n<meta property=\"og:description\" content=\"Globalia ofrece servicios de adaptaci\u00f3n a la normativa de protecci\u00f3n de datos. Tambi\u00e9n se adec\u00faa a la RGPD y LSSICE.\" \/>\n<meta property=\"og:url\" content=\"https:\/\/globaliaconsultoria.es\/index.php\/servicios\/\" \/>\n<meta property=\"og:site_name\" content=\"globalia consultor\u00eda\" \/>\n<meta property=\"article:modified_time\" content=\"2023-06-15T14:55:16+00:00\" \/>\n<meta property=\"og:image\" content=\"https:\/\/globaliaconsultoria.es\/wp-content\/uploads\/sites\/17\/2023\/06\/servici-1024x683.jpg\" \/>\n<meta name=\"twitter:card\" content=\"summary_large_image\" \/>\n<meta name=\"twitter:label1\" content=\"Tiempo de lectura\" \/>\n\t<meta name=\"twitter:data1\" content=\"3 minutos\" \/>\n<script type=\"application\/ld+json\" class=\"yoast-schema-graph\">{\"@context\":\"https:\/\/schema.org\",\"@graph\":[{\"@type\":\"WebPage\",\"@id\":\"https:\/\/globaliaconsultoria.es\/index.php\/servicios\/\",\"url\":\"https:\/\/globaliaconsultoria.es\/index.php\/servicios\/\",\"name\":\"Servicios - globalia consultor\u00eda\",\"isPartOf\":{\"@id\":\"https:\/\/globaliaconsultoria.es\/#website\"},\"datePublished\":\"2022-11-15T07:44:16+00:00\",\"dateModified\":\"2023-06-15T14:55:16+00:00\",\"description\":\"Globalia ofrece servicios de adaptaci\u00f3n a la normativa de protecci\u00f3n de datos. Tambi\u00e9n se adec\u00faa a la RGPD y LSSICE.\",\"breadcrumb\":{\"@id\":\"https:\/\/globaliaconsultoria.es\/index.php\/servicios\/#breadcrumb\"},\"inLanguage\":\"es\",\"potentialAction\":[{\"@type\":\"ReadAction\",\"target\":[\"https:\/\/globaliaconsultoria.es\/index.php\/servicios\/\"]}]},{\"@type\":\"BreadcrumbList\",\"@id\":\"https:\/\/globaliaconsultoria.es\/index.php\/servicios\/#breadcrumb\",\"itemListElement\":[{\"@type\":\"ListItem\",\"position\":1,\"name\":\"Portada\",\"item\":\"https:\/\/globaliaconsultoria.es\/\"},{\"@type\":\"ListItem\",\"position\":2,\"name\":\"Servicios\"}]},{\"@type\":\"WebSite\",\"@id\":\"https:\/\/globaliaconsultoria.es\/#website\",\"url\":\"https:\/\/globaliaconsultoria.es\/\",\"name\":\"globalia consultor\u00eda\",\"description\":\"Protecci\u00f3n de datos\",\"publisher\":{\"@id\":\"https:\/\/globaliaconsultoria.es\/#organization\"},\"potentialAction\":[{\"@type\":\"SearchAction\",\"target\":{\"@type\":\"EntryPoint\",\"urlTemplate\":\"https:\/\/globaliaconsultoria.es\/?s={search_term_string}\"},\"query-input\":\"required name=search_term_string\"}],\"inLanguage\":\"es\"},{\"@type\":\"Organization\",\"@id\":\"https:\/\/globaliaconsultoria.es\/#organization\",\"name\":\"globalia consultor\u00eda\",\"url\":\"https:\/\/globaliaconsultoria.es\/\",\"logo\":{\"@type\":\"ImageObject\",\"inLanguage\":\"es\",\"@id\":\"https:\/\/globaliaconsultoria.es\/#\/schema\/logo\/image\/\",\"url\":\"https:\/\/globaliaconsultoria.es\/wp-content\/uploads\/sites\/17\/2023\/06\/logo_globalia.png\",\"contentUrl\":\"https:\/\/globaliaconsultoria.es\/wp-content\/uploads\/sites\/17\/2023\/06\/logo_globalia.png\",\"width\":750,\"height\":240,\"caption\":\"globalia consultor\u00eda\"},\"image\":{\"@id\":\"https:\/\/globaliaconsultoria.es\/#\/schema\/logo\/image\/\"}}]}<\/script>\n<!-- \/ Yoast SEO plugin. -->","yoast_head_json":{"title":"Servicios - globalia consultor\u00eda","description":"Globalia ofrece servicios de adaptaci\u00f3n a la normativa de protecci\u00f3n de datos. Tambi\u00e9n se adec\u00faa a la RGPD y LSSICE.","robots":{"index":"index","follow":"follow","max-snippet":"max-snippet:-1","max-image-preview":"max-image-preview:large","max-video-preview":"max-video-preview:-1"},"canonical":"https:\/\/globaliaconsultoria.es\/index.php\/servicios\/","og_locale":"es_ES","og_type":"article","og_title":"Servicios - globalia consultor\u00eda","og_description":"Globalia ofrece servicios de adaptaci\u00f3n a la normativa de protecci\u00f3n de datos. Tambi\u00e9n se adec\u00faa a la RGPD y LSSICE.","og_url":"https:\/\/globaliaconsultoria.es\/index.php\/servicios\/","og_site_name":"globalia consultor\u00eda","article_modified_time":"2023-06-15T14:55:16+00:00","og_image":[{"url":"https:\/\/globaliaconsultoria.es\/wp-content\/uploads\/sites\/17\/2023\/06\/servici-1024x683.jpg"}],"twitter_card":"summary_large_image","twitter_misc":{"Tiempo de lectura":"3 minutos"},"schema":{"@context":"https:\/\/schema.org","@graph":[{"@type":"WebPage","@id":"https:\/\/globaliaconsultoria.es\/index.php\/servicios\/","url":"https:\/\/globaliaconsultoria.es\/index.php\/servicios\/","name":"Servicios - globalia consultor\u00eda","isPartOf":{"@id":"https:\/\/globaliaconsultoria.es\/#website"},"datePublished":"2022-11-15T07:44:16+00:00","dateModified":"2023-06-15T14:55:16+00:00","description":"Globalia ofrece servicios de adaptaci\u00f3n a la normativa de protecci\u00f3n de datos. Tambi\u00e9n se adec\u00faa a la RGPD y LSSICE.","breadcrumb":{"@id":"https:\/\/globaliaconsultoria.es\/index.php\/servicios\/#breadcrumb"},"inLanguage":"es","potentialAction":[{"@type":"ReadAction","target":["https:\/\/globaliaconsultoria.es\/index.php\/servicios\/"]}]},{"@type":"BreadcrumbList","@id":"https:\/\/globaliaconsultoria.es\/index.php\/servicios\/#breadcrumb","itemListElement":[{"@type":"ListItem","position":1,"name":"Portada","item":"https:\/\/globaliaconsultoria.es\/"},{"@type":"ListItem","position":2,"name":"Servicios"}]},{"@type":"WebSite","@id":"https:\/\/globaliaconsultoria.es\/#website","url":"https:\/\/globaliaconsultoria.es\/","name":"globalia consultor\u00eda","description":"Protecci\u00f3n de datos","publisher":{"@id":"https:\/\/globaliaconsultoria.es\/#organization"},"potentialAction":[{"@type":"SearchAction","target":{"@type":"EntryPoint","urlTemplate":"https:\/\/globaliaconsultoria.es\/?s={search_term_string}"},"query-input":"required name=search_term_string"}],"inLanguage":"es"},{"@type":"Organization","@id":"https:\/\/globaliaconsultoria.es\/#organization","name":"globalia consultor\u00eda","url":"https:\/\/globaliaconsultoria.es\/","logo":{"@type":"ImageObject","inLanguage":"es","@id":"https:\/\/globaliaconsultoria.es\/#\/schema\/logo\/image\/","url":"https:\/\/globaliaconsultoria.es\/wp-content\/uploads\/sites\/17\/2023\/06\/logo_globalia.png","contentUrl":"https:\/\/globaliaconsultoria.es\/wp-content\/uploads\/sites\/17\/2023\/06\/logo_globalia.png","width":750,"height":240,"caption":"globalia consultor\u00eda"},"image":{"@id":"https:\/\/globaliaconsultoria.es\/#\/schema\/logo\/image\/"}}]}},"_links":{"self":[{"href":"https:\/\/globaliaconsultoria.es\/index.php\/wp-json\/wp\/v2\/pages\/20"}],"collection":[{"href":"https:\/\/globaliaconsultoria.es\/index.php\/wp-json\/wp\/v2\/pages"}],"about":[{"href":"https:\/\/globaliaconsultoria.es\/index.php\/wp-json\/wp\/v2\/types\/page"}],"author":[{"embeddable":true,"href":"https:\/\/globaliaconsultoria.es\/index.php\/wp-json\/wp\/v2\/users\/2"}],"replies":[{"embeddable":true,"href":"https:\/\/globaliaconsultoria.es\/index.php\/wp-json\/wp\/v2\/comments?post=20"}],"version-history":[{"count":18,"href":"https:\/\/globaliaconsultoria.es\/index.php\/wp-json\/wp\/v2\/pages\/20\/revisions"}],"predecessor-version":[{"id":755,"href":"https:\/\/globaliaconsultoria.es\/index.php\/wp-json\/wp\/v2\/pages\/20\/revisions\/755"}],"wp:attachment":[{"href":"https:\/\/globaliaconsultoria.es\/index.php\/wp-json\/wp\/v2\/media?parent=20"}],"curies":[{"name":"wp","href":"https:\/\/api.w.org\/{rel}","templated":true}]}}