	



	{"id":26,"date":"2022-11-15T08:44:56","date_gmt":"2022-11-15T07:44:56","guid":{"rendered":"https:\/\/kitbase.webs.fococonsultores.es\/?page_id=26"},"modified":"2023-07-06T12:46:15","modified_gmt":"2023-07-06T10:46:15","slug":"ubicacion","status":"publish","type":"page","link":"https:\/\/globaliaconsultoria.es\/index.php\/ubicacion\/","title":{"rendered":"Ubicaci\u00f3n"},"content":{"rendered":"\n<div style=\"height:4vh\" aria-hidden=\"true\" class=\"wp-block-spacer\"><\/div>\n\n\n<div class=\"yoast-breadcrumbs\"><span><span><a href=\"https:\/\/globaliaconsultoria.es\/\">Portada<\/a> \u00bb <span class=\"breadcrumb_last\" aria-current=\"page\">Ubicaci\u00f3n<\/span><\/span><\/span><\/div>\n\n\n<div class=\"wp-block-cover alignfull is-light\"><span aria-hidden=\"true\" class=\"wp-block-cover__background has-white-background-color has-background-dim-100 has-background-dim\"><\/span><div class=\"wp-block-cover__inner-container\">\n<div style=\"height:50px\" aria-hidden=\"true\" class=\"wp-block-spacer\"><\/div>\n\n\n\n<div class=\"is-layout-flex wp-container-6 wp-block-columns\">\n<div class=\"is-layout-flow wp-block-column\" style=\"flex-basis:3.5%\"><\/div>\n\n\n\n<div class=\"is-layout-flow wp-block-column is-vertically-aligned-center\" style=\"flex-basis:33%\">\n<h1 class=\"alignwide has-large-font-size\">Ubicaci\u00f3n<\/h1>\n\n\n\n<div style=\"height:30px\" aria-hidden=\"true\" class=\"wp-block-spacer\"><\/div>\n\n\n\n<h2><strong>Globalia<\/strong><\/h2>\n\n\n\n<p>Calle Corredera San Fernando, 24, 1, 23400 \u00dabeda Ja\u00e9n<\/p>\n\n\n\n<p><a href=\"mailto:areatecnica@globaliaconsultoria.net\">areatecnica@globaliaconsultoria.net<\/a><\/p>\n\n\n\n<p><a href=\"tel:+34649941791\">+34 649 941 791<\/a><\/p>\n\n\n\n<div class=\"is-content-justification-right is-layout-flex wp-container-2 wp-block-buttons\">\n<div class=\"wp-block-button is-style-fill\"><a class=\"wp-block-button__link has-text-color has-background wp-element-button\" href=\"https:\/\/www.google.es\/maps\/dir\/\/Corre.+San+Fernando,+24,+23400+%C3%9Abeda,+Ja%C3%A9n\/@38.0114536,-3.3724669,17z\/data=!4m8!4m7!1m0!1m5!1m1!1s0xd6ef479c4858d45:0x6a11087036f86874!2m2!1d-3.369892!2d38.0114494?entry=ttu\" style=\"border-radius:6px;color:#111111;background-color:#ed255a\" target=\"_blank\" rel=\"noreferrer noopener\"><strong>C\u00f3mo llegar<\/strong><\/a><\/div>\n<\/div>\n<\/div>\n\n\n\n<div class=\"is-layout-flow wp-block-column\" style=\"flex-basis:3.5%\"><\/div>\n\n\n\n<div class=\"is-layout-flow wp-block-column\" style=\"flex-basis:60%\"><\/div>\n<\/div>\n<\/div><\/div>\n","protected":false},"excerpt":{"rendered":"","protected":false},"author":2,"featured_media":0,"parent":0,"menu_order":0,"comment_status":"closed","ping_status":"closed","template":"","meta":{"_mi_skip_tracking":false},"yoast_head":"<!-- This site is optimized with the Yoast SEO plugin v19.10 - https:\/\/yoast.com\/wordpress\/plugins\/seo\/ -->\n<title>Ubicaci\u00f3n - globalia consultor\u00eda<\/title>\n<meta name=\"description\" content=\"Encuentra aqu\u00ed la informaci\u00f3n relativa a la ubicaci\u00f3n y datos de contacto de globalia consultor\u00eda, como el email o el tel\u00e9fono\" \/>\n<meta name=\"robots\" content=\"index, follow, max-snippet:-1, max-image-preview:large, max-video-preview:-1\" \/>\n<link rel=\"canonical\" href=\"https:\/\/globaliaconsultoria.es\/index.php\/ubicacion\/\" \/>\n<meta property=\"og:locale\" content=\"es_ES\" \/>\n<meta property=\"og:type\" content=\"article\" \/>\n<meta property=\"og:title\" content=\"Ubicaci\u00f3n - globalia consultor\u00eda\" \/>\n<meta property=\"og:description\" content=\"Encuentra aqu\u00ed la informaci\u00f3n relativa a la ubicaci\u00f3n y datos de contacto de globalia consultor\u00eda, como el email o el tel\u00e9fono\" \/>\n<meta property=\"og:url\" content=\"https:\/\/globaliaconsultoria.es\/index.php\/ubicacion\/\" \/>\n<meta property=\"og:site_name\" content=\"globalia consultor\u00eda\" \/>\n<meta property=\"article:modified_time\" content=\"2023-07-06T10:46:15+00:00\" \/>\n<meta name=\"twitter:card\" content=\"summary_large_image\" \/>\n<meta name=\"twitter:label1\" content=\"Tiempo de lectura\" \/>\n\t<meta name=\"twitter:data1\" content=\"1 minuto\" \/>\n<script type=\"application\/ld+json\" class=\"yoast-schema-graph\">{\"@context\":\"https:\/\/schema.org\",\"@graph\":[{\"@type\":\"WebPage\",\"@id\":\"https:\/\/globaliaconsultoria.es\/index.php\/ubicacion\/\",\"url\":\"https:\/\/globaliaconsultoria.es\/index.php\/ubicacion\/\",\"name\":\"Ubicaci\u00f3n - globalia consultor\u00eda\",\"isPartOf\":{\"@id\":\"https:\/\/globaliaconsultoria.es\/#website\"},\"datePublished\":\"2022-11-15T07:44:56+00:00\",\"dateModified\":\"2023-07-06T10:46:15+00:00\",\"description\":\"Encuentra aqu\u00ed la informaci\u00f3n relativa a la ubicaci\u00f3n y datos de contacto de globalia consultor\u00eda, como el email o el tel\u00e9fono\",\"breadcrumb\":{\"@id\":\"https:\/\/globaliaconsultoria.es\/index.php\/ubicacion\/#breadcrumb\"},\"inLanguage\":\"es\",\"potentialAction\":[{\"@type\":\"ReadAction\",\"target\":[\"https:\/\/globaliaconsultoria.es\/index.php\/ubicacion\/\"]}]},{\"@type\":\"BreadcrumbList\",\"@id\":\"https:\/\/globaliaconsultoria.es\/index.php\/ubicacion\/#breadcrumb\",\"itemListElement\":[{\"@type\":\"ListItem\",\"position\":1,\"name\":\"Portada\",\"item\":\"https:\/\/globaliaconsultoria.es\/\"},{\"@type\":\"ListItem\",\"position\":2,\"name\":\"Ubicaci\u00f3n\"}]},{\"@type\":\"WebSite\",\"@id\":\"https:\/\/globaliaconsultoria.es\/#website\",\"url\":\"https:\/\/globaliaconsultoria.es\/\",\"name\":\"globalia consultor\u00eda\",\"description\":\"Protecci\u00f3n de datos\",\"publisher\":{\"@id\":\"https:\/\/globaliaconsultoria.es\/#organization\"},\"potentialAction\":[{\"@type\":\"SearchAction\",\"target\":{\"@type\":\"EntryPoint\",\"urlTemplate\":\"https:\/\/globaliaconsultoria.es\/?s={search_term_string}\"},\"query-input\":\"required name=search_term_string\"}],\"inLanguage\":\"es\"},{\"@type\":\"Organization\",\"@id\":\"https:\/\/globaliaconsultoria.es\/#organization\",\"name\":\"globalia consultor\u00eda\",\"url\":\"https:\/\/globaliaconsultoria.es\/\",\"logo\":{\"@type\":\"ImageObject\",\"inLanguage\":\"es\",\"@id\":\"https:\/\/globaliaconsultoria.es\/#\/schema\/logo\/image\/\",\"url\":\"https:\/\/globaliaconsultoria.es\/wp-content\/uploads\/sites\/17\/2023\/06\/logo_globalia.png\",\"contentUrl\":\"https:\/\/globaliaconsultoria.es\/wp-content\/uploads\/sites\/17\/2023\/06\/logo_globalia.png\",\"width\":750,\"height\":240,\"caption\":\"globalia consultor\u00eda\"},\"image\":{\"@id\":\"https:\/\/globaliaconsultoria.es\/#\/schema\/logo\/image\/\"}}]}<\/script>\n<!-- \/ Yoast SEO plugin. -->","yoast_head_json":{"title":"Ubicaci\u00f3n - globalia consultor\u00eda","description":"Encuentra aqu\u00ed la informaci\u00f3n relativa a la ubicaci\u00f3n y datos de contacto de globalia consultor\u00eda, como el email o el tel\u00e9fono","robots":{"index":"index","follow":"follow","max-snippet":"max-snippet:-1","max-image-preview":"max-image-preview:large","max-video-preview":"max-video-preview:-1"},"canonical":"https:\/\/globaliaconsultoria.es\/index.php\/ubicacion\/","og_locale":"es_ES","og_type":"article","og_title":"Ubicaci\u00f3n - globalia consultor\u00eda","og_description":"Encuentra aqu\u00ed la informaci\u00f3n relativa a la ubicaci\u00f3n y datos de contacto de globalia consultor\u00eda, como el email o el tel\u00e9fono","og_url":"https:\/\/globaliaconsultoria.es\/index.php\/ubicacion\/","og_site_name":"globalia consultor\u00eda","article_modified_time":"2023-07-06T10:46:15+00:00","twitter_card":"summary_large_image","twitter_misc":{"Tiempo de lectura":"1 minuto"},"schema":{"@context":"https:\/\/schema.org","@graph":[{"@type":"WebPage","@id":"https:\/\/globaliaconsultoria.es\/index.php\/ubicacion\/","url":"https:\/\/globaliaconsultoria.es\/index.php\/ubicacion\/","name":"Ubicaci\u00f3n - globalia consultor\u00eda","isPartOf":{"@id":"https:\/\/globaliaconsultoria.es\/#website"},"datePublished":"2022-11-15T07:44:56+00:00","dateModified":"2023-07-06T10:46:15+00:00","description":"Encuentra aqu\u00ed la informaci\u00f3n relativa a la ubicaci\u00f3n y datos de contacto de globalia consultor\u00eda, como el email o el tel\u00e9fono","breadcrumb":{"@id":"https:\/\/globaliaconsultoria.es\/index.php\/ubicacion\/#breadcrumb"},"inLanguage":"es","potentialAction":[{"@type":"ReadAction","target":["https:\/\/globaliaconsultoria.es\/index.php\/ubicacion\/"]}]},{"@type":"BreadcrumbList","@id":"https:\/\/globaliaconsultoria.es\/index.php\/ubicacion\/#breadcrumb","itemListElement":[{"@type":"ListItem","position":1,"name":"Portada","item":"https:\/\/globaliaconsultoria.es\/"},{"@type":"ListItem","position":2,"name":"Ubicaci\u00f3n"}]},{"@type":"WebSite","@id":"https:\/\/globaliaconsultoria.es\/#website","url":"https:\/\/globaliaconsultoria.es\/","name":"globalia consultor\u00eda","description":"Protecci\u00f3n de datos","publisher":{"@id":"https:\/\/globaliaconsultoria.es\/#organization"},"potentialAction":[{"@type":"SearchAction","target":{"@type":"EntryPoint","urlTemplate":"https:\/\/globaliaconsultoria.es\/?s={search_term_string}"},"query-input":"required name=search_term_string"}],"inLanguage":"es"},{"@type":"Organization","@id":"https:\/\/globaliaconsultoria.es\/#organization","name":"globalia consultor\u00eda","url":"https:\/\/globaliaconsultoria.es\/","logo":{"@type":"ImageObject","inLanguage":"es","@id":"https:\/\/globaliaconsultoria.es\/#\/schema\/logo\/image\/","url":"https:\/\/globaliaconsultoria.es\/wp-content\/uploads\/sites\/17\/2023\/06\/logo_globalia.png","contentUrl":"https:\/\/globaliaconsultoria.es\/wp-content\/uploads\/sites\/17\/2023\/06\/logo_globalia.png","width":750,"height":240,"caption":"globalia consultor\u00eda"},"image":{"@id":"https:\/\/globaliaconsultoria.es\/#\/schema\/logo\/image\/"}}]}},"_links":{"self":[{"href":"https:\/\/globaliaconsultoria.es\/index.php\/wp-json\/wp\/v2\/pages\/26"}],"collection":[{"href":"https:\/\/globaliaconsultoria.es\/index.php\/wp-json\/wp\/v2\/pages"}],"about":[{"href":"https:\/\/globaliaconsultoria.es\/index.php\/wp-json\/wp\/v2\/types\/page"}],"author":[{"embeddable":true,"href":"https:\/\/globaliaconsultoria.es\/index.php\/wp-json\/wp\/v2\/users\/2"}],"replies":[{"embeddable":true,"href":"https:\/\/globaliaconsultoria.es\/index.php\/wp-json\/wp\/v2\/comments?post=26"}],"version-history":[{"count":20,"href":"https:\/\/globaliaconsultoria.es\/index.php\/wp-json\/wp\/v2\/pages\/26\/revisions"}],"predecessor-version":[{"id":735,"href":"https:\/\/globaliaconsultoria.es\/index.php\/wp-json\/wp\/v2\/pages\/26\/revisions\/735"}],"wp:attachment":[{"href":"https:\/\/globaliaconsultoria.es\/index.php\/wp-json\/wp\/v2\/media?parent=26"}],"curies":[{"name":"wp","href":"https:\/\/api.w.org\/{rel}","templated":true}]}}