	



	{"id":612,"date":"2023-05-03T16:54:33","date_gmt":"2023-05-03T15:54:33","guid":{"rendered":"https:\/\/kitwebreplica.webs.fococonsultores.es\/?page_id=612"},"modified":"2023-07-10T18:41:45","modified_gmt":"2023-07-10T16:41:45","slug":"aviso-legal","status":"publish","type":"page","link":"https:\/\/globaliaconsultoria.es\/index.php\/aviso-legal\/","title":{"rendered":"Aviso Legal"},"content":{"rendered":"\n<div style=\"height:4vh\" aria-hidden=\"true\" class=\"wp-block-spacer\"><\/div>\n\n\n<div class=\"yoast-breadcrumbs\"><span><span><a href=\"https:\/\/globaliaconsultoria.es\/\">Portada<\/a> \u00bb <span class=\"breadcrumb_last\" aria-current=\"page\">Aviso Legal<\/span><\/span><\/span><\/div>\n\n\n<h1 class=\"has-x-large-font-size\"><strong>Aviso Legal<\/strong><\/h1>\n\n\n\n<h2 class=\"has-medium-font-size\"><strong>DATOS IDENTIFICATIVOS<\/strong><\/h2>\n\n\n\n<p>Denominaci\u00f3n Social:<\/p>\n\n\n\n<p><strong>Globalia Consultoria SL<\/strong><\/p>\n\n\n\n<p>CIF: <strong>B23654155<\/strong><\/p>\n\n\n\n<p>Domicilio social: <strong>C\/ Corredera San Fernando, 24, 1, 23400 \u00dabeda, Ja\u00e9n<\/strong><\/p>\n\n\n\n<p>Tel\u00e9fono: <strong>649941791<\/strong><\/p>\n\n\n\n<p>Inscrita en el Registro: Protocolo 2013\/686 de 11 de Junio de 2013 diario 45 asiento 1581 de Ja\u00e9n<\/p>\n\n\n\n<h2 class=\"has-medium-font-size\"><strong>OBJETO<\/strong><\/h2>\n\n\n\n<p><strong>Globalia Consultoria SL<\/strong>, responsable del sitio web <strong>https:\/\/globaliaconsultoria.es<\/strong>, pone a disposici\u00f3n de los usuarios, el presente documento, con el que pretende dar cumplimiento a las obligaciones dispuestas en la Ley 34\/2002, de Servicios de la Sociedad de la Informaci\u00f3n y del Comercio Electr\u00f3nico (LSSI-CE), as\u00ed como informar a todos los usuarios del sitio web respecto a cu\u00e1les son las condiciones de uso.<\/p>\n\n\n\n<p>Toda persona que acceda a este sitio web asume el papel de usuario, comprometi\u00e9ndose a la observancia y cumplimiento riguroso de las disposiciones aqu\u00ed dispuestas, as\u00ed como a cualquier otra disposici\u00f3n legal que fuera de aplicaci\u00f3n.<\/p>\n\n\n\n<p><strong>Globalia Consultoria SL<\/strong> se reserva el derecho a modificar cualquier tipo de informaci\u00f3n que pudiera aparecer en el sitio web, sin que exista obligaci\u00f3n de preavisar o poner en conocimiento de los usuarios dichas obligaciones, entendi\u00e9ndose como suficiente con la publicaci\u00f3n en el sitio web de <strong>https:\/\/globaliaconsultoria.es<\/strong><\/p>\n\n\n\n<h2 class=\"has-medium-font-size\"><strong>RESPONSABILIDAD<\/strong><\/h2>\n\n\n\n<p><strong>Globalia Consultoria SL<\/strong> se exime de cualquier tipo de responsabilidad derivada de la informaci\u00f3n publicada en su sitio web siempre que esta informaci\u00f3n haya sido manipulada o introducida por un tercero ajeno al prestador.<\/p>\n\n\n\n<p>El sitio web del prestador (<strong>Globalia Consultoria SL<\/strong>) puede utilizar cookies (peque\u00f1os archivos de informaci\u00f3n que el servidor env\u00eda al ordenador de quien accede a la p\u00e1gina) para llevar a cabo determinadas funciones que son consideradas imprescindibles para el correcto funcionamiento y visualizaci\u00f3n del sitio. Las cookies utilizadas en el sitio web, tienen, en todo caso car\u00e1cter temporal, con la \u00fanica finalidad de hacer m\u00e1s eficaz su transmisi\u00f3n ulterior, y desaparecen al terminar la sesi\u00f3n del usuario. En ning\u00fan caso se utilizar\u00e1n las cookies para recoger informaci\u00f3n de car\u00e1cter personal.<\/p>\n\n\n\n<p>Este sitio web ha sido revisado y probado para que funcione correctamente. En principio, puede garantizarse el correcto funcionamiento los 365 d\u00edas del a\u00f1o, 24 horas al d\u00eda. No obstante, el prestador no descarta la posibilidad de que existan ciertos errores de programaci\u00f3n, o que acontezcan causas de fuerza mayor, cat\u00e1strofes naturales, huelgas o circunstancias semejantes que hagan imposible el acceso a la p\u00e1gina web.<\/p>\n\n\n\n<h2 class=\"has-medium-font-size\"><strong>PROTECCI\u00d3N DE DATOS PERSONALES<\/strong><\/h2>\n\n\n\n<p><strong>Globalia Consultoria SL<\/strong> se encuentra profundamente comprometido con el cumplimiento de la normativa europea de protecci\u00f3n de datos de aplicaci\u00f3n desde el 25 de mayo de 2018, REGLAMENTO (UE) 2016\/679 DEL PARLAMENTO EUROPEO Y DEL CONSEJO de 27 de abril de 2016 relativo a la protecci\u00f3n de las personas f\u00edsicas en lo que respecta al tratamiento de datos personales y a la libre circulaci\u00f3n de estos datos y por el que se deroga la Directiva 95\/46\/CE.<\/p>\n\n\n\n<p><strong>Globalia Consultoria SL<\/strong> pone a disposici\u00f3n de los usuarios la Pol\u00edtica de Privacidad de la entidad en esta misma p\u00e1gina web, informando respecto los siguientes aspectos: Datos del responsable del tratamiento, finalidad, qu\u00e9 datos se tratan, tiempo de conservaci\u00f3n de los datos, legitimaci\u00f3n para su uso, destinatarios y derechos.<\/p>\n\n\n\n<h2 class=\"has-medium-font-size\"><strong>PROPIEDAD INTELECTUAL E INDUSTRIAL<\/strong><\/h2>\n\n\n\n<p>El sitio web, incluyendo a t\u00edtulo enunciativo pero no limitativo su programaci\u00f3n, edici\u00f3n, compilaci\u00f3n y dem\u00e1s elementos necesarios para su funcionamiento, los dise\u00f1os, logotipos, texto y\/o gr\u00e1ficos son propiedad de <strong>Globalia Consultoria SL<\/strong> o, en su caso, dispone de licencia o autorizaci\u00f3n expresa por parte de los autores. Todos los contenidos del sitio web se encuentran debidamente protegidos por la normativa de propiedad intelectual, as\u00ed como inscritos en los registros p\u00fablicos correspondientes.<\/p>\n\n\n\n<p>Independientemente de la finalidad para que fueran destinados, la reproducci\u00f3n total o parcial, uso, explotaci\u00f3n, distribuci\u00f3n y comercializaci\u00f3n, requiere en todo caso de la autorizaci\u00f3n escrita previa por parte de <strong>Globalia Consultoria SL<\/strong> cualquier uso no autorizado previamente por parte del prestador ser\u00e1 considerado un incumplimiento grave de los derechos de propiedad intelectual o industrial del autor.<\/p>\n\n\n\n<p>Los dise\u00f1os, logotipos, texto y\/o gr\u00e1ficos ajenos <strong>Globalia Consultoria SL<\/strong> y que pudieran aparecer en el sitio web, pertenecen a sus respectivos propietarios, siendo ellos mismos responsables de cualquier posible controversia que pudiera suscitarse respecto a los mismos. En todo caso, <strong>Globalia Consultoria SL<\/strong> cuenta con la autorizaci\u00f3n expresa y previa por parte de los mismos.<\/p>\n\n\n\n<h2 class=\"has-medium-font-size\"><strong>LEY APLICABLE Y JURISDICCI\u00d3N<\/strong><\/h2>\n\n\n\n<p>Para la resoluci\u00f3n de todas las controversias o cuestiones relacionadas con el presente sitio web o de las actividades en \u00e9l desarrolladas, ser\u00e1 de aplicaci\u00f3n la legislaci\u00f3n espa\u00f1ola, a la que se someten expresamente las partes, siendo competentes para la resoluci\u00f3n de todos los conflictos derivados o relacionados con su uso los Juzgados y Tribunales de <strong>Ja\u00e9n<\/strong>.<\/p>\n","protected":false},"excerpt":{"rendered":"<p>Aviso Legal DATOS IDENTIFICATIVOS Denominaci\u00f3n Social: Globalia Consultoria SL CIF: B23654155 Domicilio social: C\/ Corredera San Fernando, 24, 1, 23400 \u00dabeda, Ja\u00e9n Tel\u00e9fono: 649941791 Inscrita en el Registro: Protocolo 2013\/686 de 11 de Junio de 2013 diario 45 asiento 1581 de Ja\u00e9n OBJETO Globalia Consultoria SL, responsable del sitio web https:\/\/globaliaconsultoria.es, pone a disposici\u00f3n de [&hellip;]<\/p>\n","protected":false},"author":3,"featured_media":0,"parent":0,"menu_order":0,"comment_status":"closed","ping_status":"closed","template":"","meta":{"_mi_skip_tracking":false},"yoast_head":"<!-- This site is optimized with the Yoast SEO plugin v19.10 - https:\/\/yoast.com\/wordpress\/plugins\/seo\/ -->\n<title>Aviso Legal - globalia consultor\u00eda<\/title>\n<meta name=\"description\" content=\"Aviso legal de Globalia Consultoria SL: cumple LSSI-CE y RGPD. Datos, objeto, responsabilidad, privacidad y propiedad del sitio web.\" \/>\n<meta name=\"robots\" content=\"index, follow, max-snippet:-1, max-image-preview:large, max-video-preview:-1\" \/>\n<link rel=\"canonical\" href=\"https:\/\/globaliaconsultoria.es\/index.php\/aviso-legal\/\" \/>\n<meta property=\"og:locale\" content=\"es_ES\" \/>\n<meta property=\"og:type\" content=\"article\" \/>\n<meta property=\"og:title\" content=\"Aviso Legal - globalia consultor\u00eda\" \/>\n<meta property=\"og:description\" content=\"Aviso legal de Globalia Consultoria SL: cumple LSSI-CE y RGPD. Datos, objeto, responsabilidad, privacidad y propiedad del sitio web.\" \/>\n<meta property=\"og:url\" content=\"https:\/\/globaliaconsultoria.es\/index.php\/aviso-legal\/\" \/>\n<meta property=\"og:site_name\" content=\"globalia consultor\u00eda\" \/>\n<meta property=\"article:modified_time\" content=\"2023-07-10T16:41:45+00:00\" \/>\n<meta name=\"twitter:card\" content=\"summary_large_image\" \/>\n<meta name=\"twitter:label1\" content=\"Tiempo de lectura\" \/>\n\t<meta name=\"twitter:data1\" content=\"4 minutos\" \/>\n<script type=\"application\/ld+json\" class=\"yoast-schema-graph\">{\"@context\":\"https:\/\/schema.org\",\"@graph\":[{\"@type\":\"WebPage\",\"@id\":\"https:\/\/globaliaconsultoria.es\/index.php\/aviso-legal\/\",\"url\":\"https:\/\/globaliaconsultoria.es\/index.php\/aviso-legal\/\",\"name\":\"Aviso Legal - globalia consultor\u00eda\",\"isPartOf\":{\"@id\":\"https:\/\/globaliaconsultoria.es\/#website\"},\"datePublished\":\"2023-05-03T15:54:33+00:00\",\"dateModified\":\"2023-07-10T16:41:45+00:00\",\"description\":\"Aviso legal de Globalia Consultoria SL: cumple LSSI-CE y RGPD. Datos, objeto, responsabilidad, privacidad y propiedad del sitio web.\",\"breadcrumb\":{\"@id\":\"https:\/\/globaliaconsultoria.es\/index.php\/aviso-legal\/#breadcrumb\"},\"inLanguage\":\"es\",\"potentialAction\":[{\"@type\":\"ReadAction\",\"target\":[\"https:\/\/globaliaconsultoria.es\/index.php\/aviso-legal\/\"]}]},{\"@type\":\"BreadcrumbList\",\"@id\":\"https:\/\/globaliaconsultoria.es\/index.php\/aviso-legal\/#breadcrumb\",\"itemListElement\":[{\"@type\":\"ListItem\",\"position\":1,\"name\":\"Portada\",\"item\":\"https:\/\/globaliaconsultoria.es\/\"},{\"@type\":\"ListItem\",\"position\":2,\"name\":\"Aviso Legal\"}]},{\"@type\":\"WebSite\",\"@id\":\"https:\/\/globaliaconsultoria.es\/#website\",\"url\":\"https:\/\/globaliaconsultoria.es\/\",\"name\":\"globalia consultor\u00eda\",\"description\":\"Protecci\u00f3n de datos\",\"publisher\":{\"@id\":\"https:\/\/globaliaconsultoria.es\/#organization\"},\"potentialAction\":[{\"@type\":\"SearchAction\",\"target\":{\"@type\":\"EntryPoint\",\"urlTemplate\":\"https:\/\/globaliaconsultoria.es\/?s={search_term_string}\"},\"query-input\":\"required name=search_term_string\"}],\"inLanguage\":\"es\"},{\"@type\":\"Organization\",\"@id\":\"https:\/\/globaliaconsultoria.es\/#organization\",\"name\":\"globalia consultor\u00eda\",\"url\":\"https:\/\/globaliaconsultoria.es\/\",\"logo\":{\"@type\":\"ImageObject\",\"inLanguage\":\"es\",\"@id\":\"https:\/\/globaliaconsultoria.es\/#\/schema\/logo\/image\/\",\"url\":\"https:\/\/globaliaconsultoria.es\/wp-content\/uploads\/sites\/17\/2023\/06\/logo_globalia.png\",\"contentUrl\":\"https:\/\/globaliaconsultoria.es\/wp-content\/uploads\/sites\/17\/2023\/06\/logo_globalia.png\",\"width\":750,\"height\":240,\"caption\":\"globalia consultor\u00eda\"},\"image\":{\"@id\":\"https:\/\/globaliaconsultoria.es\/#\/schema\/logo\/image\/\"}}]}<\/script>\n<!-- \/ Yoast SEO plugin. -->","yoast_head_json":{"title":"Aviso Legal - globalia consultor\u00eda","description":"Aviso legal de Globalia Consultoria SL: cumple LSSI-CE y RGPD. Datos, objeto, responsabilidad, privacidad y propiedad del sitio web.","robots":{"index":"index","follow":"follow","max-snippet":"max-snippet:-1","max-image-preview":"max-image-preview:large","max-video-preview":"max-video-preview:-1"},"canonical":"https:\/\/globaliaconsultoria.es\/index.php\/aviso-legal\/","og_locale":"es_ES","og_type":"article","og_title":"Aviso Legal - globalia consultor\u00eda","og_description":"Aviso legal de Globalia Consultoria SL: cumple LSSI-CE y RGPD. Datos, objeto, responsabilidad, privacidad y propiedad del sitio web.","og_url":"https:\/\/globaliaconsultoria.es\/index.php\/aviso-legal\/","og_site_name":"globalia consultor\u00eda","article_modified_time":"2023-07-10T16:41:45+00:00","twitter_card":"summary_large_image","twitter_misc":{"Tiempo de lectura":"4 minutos"},"schema":{"@context":"https:\/\/schema.org","@graph":[{"@type":"WebPage","@id":"https:\/\/globaliaconsultoria.es\/index.php\/aviso-legal\/","url":"https:\/\/globaliaconsultoria.es\/index.php\/aviso-legal\/","name":"Aviso Legal - globalia consultor\u00eda","isPartOf":{"@id":"https:\/\/globaliaconsultoria.es\/#website"},"datePublished":"2023-05-03T15:54:33+00:00","dateModified":"2023-07-10T16:41:45+00:00","description":"Aviso legal de Globalia Consultoria SL: cumple LSSI-CE y RGPD. Datos, objeto, responsabilidad, privacidad y propiedad del sitio web.","breadcrumb":{"@id":"https:\/\/globaliaconsultoria.es\/index.php\/aviso-legal\/#breadcrumb"},"inLanguage":"es","potentialAction":[{"@type":"ReadAction","target":["https:\/\/globaliaconsultoria.es\/index.php\/aviso-legal\/"]}]},{"@type":"BreadcrumbList","@id":"https:\/\/globaliaconsultoria.es\/index.php\/aviso-legal\/#breadcrumb","itemListElement":[{"@type":"ListItem","position":1,"name":"Portada","item":"https:\/\/globaliaconsultoria.es\/"},{"@type":"ListItem","position":2,"name":"Aviso Legal"}]},{"@type":"WebSite","@id":"https:\/\/globaliaconsultoria.es\/#website","url":"https:\/\/globaliaconsultoria.es\/","name":"globalia consultor\u00eda","description":"Protecci\u00f3n de datos","publisher":{"@id":"https:\/\/globaliaconsultoria.es\/#organization"},"potentialAction":[{"@type":"SearchAction","target":{"@type":"EntryPoint","urlTemplate":"https:\/\/globaliaconsultoria.es\/?s={search_term_string}"},"query-input":"required name=search_term_string"}],"inLanguage":"es"},{"@type":"Organization","@id":"https:\/\/globaliaconsultoria.es\/#organization","name":"globalia consultor\u00eda","url":"https:\/\/globaliaconsultoria.es\/","logo":{"@type":"ImageObject","inLanguage":"es","@id":"https:\/\/globaliaconsultoria.es\/#\/schema\/logo\/image\/","url":"https:\/\/globaliaconsultoria.es\/wp-content\/uploads\/sites\/17\/2023\/06\/logo_globalia.png","contentUrl":"https:\/\/globaliaconsultoria.es\/wp-content\/uploads\/sites\/17\/2023\/06\/logo_globalia.png","width":750,"height":240,"caption":"globalia consultor\u00eda"},"image":{"@id":"https:\/\/globaliaconsultoria.es\/#\/schema\/logo\/image\/"}}]}},"_links":{"self":[{"href":"https:\/\/globaliaconsultoria.es\/index.php\/wp-json\/wp\/v2\/pages\/612"}],"collection":[{"href":"https:\/\/globaliaconsultoria.es\/index.php\/wp-json\/wp\/v2\/pages"}],"about":[{"href":"https:\/\/globaliaconsultoria.es\/index.php\/wp-json\/wp\/v2\/types\/page"}],"author":[{"embeddable":true,"href":"https:\/\/globaliaconsultoria.es\/index.php\/wp-json\/wp\/v2\/users\/3"}],"replies":[{"embeddable":true,"href":"https:\/\/globaliaconsultoria.es\/index.php\/wp-json\/wp\/v2\/comments?post=612"}],"version-history":[{"count":8,"href":"https:\/\/globaliaconsultoria.es\/index.php\/wp-json\/wp\/v2\/pages\/612\/revisions"}],"predecessor-version":[{"id":764,"href":"https:\/\/globaliaconsultoria.es\/index.php\/wp-json\/wp\/v2\/pages\/612\/revisions\/764"}],"wp:attachment":[{"href":"https:\/\/globaliaconsultoria.es\/index.php\/wp-json\/wp\/v2\/media?parent=612"}],"curies":[{"name":"wp","href":"https:\/\/api.w.org\/{rel}","templated":true}]}}